{"id":195,"date":"2009-05-02T21:44:08","date_gmt":"2009-05-02T19:44:08","guid":{"rendered":"http:\/\/www.cetici.com\/teksite\/?page_id=2"},"modified":"2009-05-02T21:44:08","modified_gmt":"2009-05-02T19:44:08","slug":"a-propos","status":"publish","type":"page","link":"https:\/\/www.cetici.com\/teksite\/a-propos\/","title":{"rendered":"A propos"},"content":{"rendered":"<p>Parfois quand on se balade sur la toile on tombe sur un site \u00e0 l&rsquo;aspect visuel particuli\u00e8rement soign\u00e9 et l&rsquo;on est \u00e9bloui ! Ensuite il y a le contenu, et il n&rsquo;est pas toujours \u00e0 la hauteur.<br \/>\nD&rsquo;autre fois l&rsquo;on trouve des sites avec un vrai contenu et particuli\u00e8rement int\u00e9ressant mais dont l&rsquo;aspect visuel ne le distingue que peu de la masse.<\/p>\n<p>Je crois que le souhait de tous les bloggeurs est de parvenir \u00e0 r\u00e9aliser la prouesse de r\u00e9unir ces deux composantes. M\u00eame si le contenu est primordial, l&rsquo;aspect visuel en est la porte d&rsquo;entr\u00e9e. Vous pouvez arranger \u00e0 merveille votre int\u00e9rieur, pour que les autres puissent venir voir il faut aussi rendre la porte d&rsquo;entr\u00e9e accueillante. Enfin si vous souhaitez que des inconnus visitent votre int\u00e9rieur&#8230; dans le cas contraire, si vous pr\u00e9f\u00e9rez que votre site reste priv\u00e9 et ne l&rsquo;ouvrir qu&rsquo;\u00e0 quelques heureux initi\u00e9s ce n&rsquo;est pas forc\u00e9ment utile, voire m\u00eame contre productif.<\/p>\n<p>L&rsquo;aspect visuel va permettre d&rsquo;app\u00e2ter le passant ensuite \u00e0 vous de l&rsquo;int\u00e9resser par votre contenu. Il faut dire que \u00e7a aussi c&rsquo;est une autre paire de manche.<\/p>\n<p>Personnellement je n&rsquo;ai jamais \u00e9t\u00e9 satisfait de l&rsquo;aspect visuel des divers sites et blogs que j&rsquo;ai pu mettre en ligne ces quinze derni\u00e8res ann\u00e9es. Il faut dire qu&rsquo;au d\u00e9but les possibilit\u00e9s qu&rsquo;offrait le web \u00e9taient plut\u00f4t rudimentaires. Mais aujourd&rsquo;hui il y a tant d&rsquo;outils pour nous permettre d&rsquo;am\u00e9liorer les choses que ce serait dommage de s&rsquo;en priver. Mais il y a un \u00ab\u00a0Hic\u00a0\u00bb de taille, encore faut-il savoir s&rsquo;en servir &#8230;<\/p>\n<p>Alors avec cette nouvelle version du site j&rsquo;esp\u00e8re am\u00e9liorer un peu la porte d&rsquo;entr\u00e9e, mais il y a encore beaucoup \u00e0 faire ! Sans parler du contenu qui lui aussi a bien besoin d&rsquo;\u00eatre am\u00e9lior\u00e9 !<\/p>\n","protected":false},"excerpt":{"rendered":"<p>Parfois quand on se balade sur la toile on tombe sur un site \u00e0 l&rsquo;aspect visuel particuli\u00e8rement soign\u00e9 et l&rsquo;on est \u00e9bloui ! Ensuite il y a le contenu, et il n&rsquo;est pas toujours \u00e0 la hauteur. D&rsquo;autre fois l&rsquo;on trouve des sites avec un vrai contenu et particuli\u00e8rement int\u00e9ressant mais dont l&rsquo;aspect visuel ne le distingue que peu de la masse. Je crois que le souhait de tous les bloggeurs est de parvenir \u00e0 r\u00e9aliser la prouesse de r\u00e9unir ces deux composantes. M\u00eame si le contenu est primordial, l&rsquo;aspect visuel en est la porte d&rsquo;entr\u00e9e. Vous pouvez arranger \u00e0 [&hellip;]<\/p>\n","protected":false},"author":2,"featured_media":0,"parent":0,"menu_order":0,"comment_status":"open","ping_status":"open","template":"","meta":{"footnotes":""},"class_list":["post-195","page","type-page","status-publish","hentry"],"yoast_head":"<!-- This site is optimized with the Yoast SEO plugin v22.8 - https:\/\/yoast.com\/wordpress\/plugins\/seo\/ -->\n<title>A propos - Teksite<\/title>\n<meta name=\"robots\" content=\"index, follow, max-snippet:-1, max-image-preview:large, max-video-preview:-1\" \/>\n<link rel=\"canonical\" href=\"https:\/\/www.cetici.com\/teksite\/a-propos\/\" \/>\n<meta property=\"og:locale\" content=\"fr_FR\" \/>\n<meta property=\"og:type\" content=\"article\" \/>\n<meta property=\"og:title\" content=\"A propos - Teksite\" \/>\n<meta property=\"og:description\" content=\"Parfois quand on se balade sur la toile on tombe sur un site \u00e0 l&rsquo;aspect visuel particuli\u00e8rement soign\u00e9 et l&rsquo;on est \u00e9bloui ! Ensuite il y a le contenu, et il n&rsquo;est pas toujours \u00e0 la hauteur. D&rsquo;autre fois l&rsquo;on trouve des sites avec un vrai contenu et particuli\u00e8rement int\u00e9ressant mais dont l&rsquo;aspect visuel ne le distingue que peu de la masse. Je crois que le souhait de tous les bloggeurs est de parvenir \u00e0 r\u00e9aliser la prouesse de r\u00e9unir ces deux composantes. M\u00eame si le contenu est primordial, l&rsquo;aspect visuel en est la porte d&rsquo;entr\u00e9e. Vous pouvez arranger \u00e0 [&hellip;]\" \/>\n<meta property=\"og:url\" content=\"https:\/\/www.cetici.com\/teksite\/a-propos\/\" \/>\n<meta property=\"og:site_name\" content=\"Teksite\" \/>\n<meta name=\"twitter:label1\" content=\"Dur\u00e9e de lecture estim\u00e9e\" \/>\n\t<meta name=\"twitter:data1\" content=\"2 minutes\" \/>\n<script type=\"application\/ld+json\" class=\"yoast-schema-graph\">{\"@context\":\"https:\/\/schema.org\",\"@graph\":[{\"@type\":\"WebPage\",\"@id\":\"https:\/\/www.cetici.com\/teksite\/a-propos\/\",\"url\":\"https:\/\/www.cetici.com\/teksite\/a-propos\/\",\"name\":\"A propos - Teksite\",\"isPartOf\":{\"@id\":\"https:\/\/www.cetici.com\/teksite\/#website\"},\"datePublished\":\"2009-05-02T19:44:08+00:00\",\"dateModified\":\"2009-05-02T19:44:08+00:00\",\"breadcrumb\":{\"@id\":\"https:\/\/www.cetici.com\/teksite\/a-propos\/#breadcrumb\"},\"inLanguage\":\"fr-FR\",\"potentialAction\":[{\"@type\":\"ReadAction\",\"target\":[\"https:\/\/www.cetici.com\/teksite\/a-propos\/\"]}]},{\"@type\":\"BreadcrumbList\",\"@id\":\"https:\/\/www.cetici.com\/teksite\/a-propos\/#breadcrumb\",\"itemListElement\":[{\"@type\":\"ListItem\",\"position\":1,\"name\":\"Accueil\",\"item\":\"https:\/\/www.cetici.com\/teksite\/\"},{\"@type\":\"ListItem\",\"position\":2,\"name\":\"A propos\"}]},{\"@type\":\"WebSite\",\"@id\":\"https:\/\/www.cetici.com\/teksite\/#website\",\"url\":\"https:\/\/www.cetici.com\/teksite\/\",\"name\":\"Teksite\",\"description\":\"\",\"potentialAction\":[{\"@type\":\"SearchAction\",\"target\":{\"@type\":\"EntryPoint\",\"urlTemplate\":\"https:\/\/www.cetici.com\/teksite\/?s={search_term_string}\"},\"query-input\":\"required name=search_term_string\"}],\"inLanguage\":\"fr-FR\"}]}<\/script>\n<!-- \/ Yoast SEO plugin. -->","yoast_head_json":{"title":"A propos - Teksite","robots":{"index":"index","follow":"follow","max-snippet":"max-snippet:-1","max-image-preview":"max-image-preview:large","max-video-preview":"max-video-preview:-1"},"canonical":"https:\/\/www.cetici.com\/teksite\/a-propos\/","og_locale":"fr_FR","og_type":"article","og_title":"A propos - Teksite","og_description":"Parfois quand on se balade sur la toile on tombe sur un site \u00e0 l&rsquo;aspect visuel particuli\u00e8rement soign\u00e9 et l&rsquo;on est \u00e9bloui ! Ensuite il y a le contenu, et il n&rsquo;est pas toujours \u00e0 la hauteur. D&rsquo;autre fois l&rsquo;on trouve des sites avec un vrai contenu et particuli\u00e8rement int\u00e9ressant mais dont l&rsquo;aspect visuel ne le distingue que peu de la masse. Je crois que le souhait de tous les bloggeurs est de parvenir \u00e0 r\u00e9aliser la prouesse de r\u00e9unir ces deux composantes. M\u00eame si le contenu est primordial, l&rsquo;aspect visuel en est la porte d&rsquo;entr\u00e9e. Vous pouvez arranger \u00e0 [&hellip;]","og_url":"https:\/\/www.cetici.com\/teksite\/a-propos\/","og_site_name":"Teksite","twitter_misc":{"Dur\u00e9e de lecture estim\u00e9e":"2 minutes"},"schema":{"@context":"https:\/\/schema.org","@graph":[{"@type":"WebPage","@id":"https:\/\/www.cetici.com\/teksite\/a-propos\/","url":"https:\/\/www.cetici.com\/teksite\/a-propos\/","name":"A propos - Teksite","isPartOf":{"@id":"https:\/\/www.cetici.com\/teksite\/#website"},"datePublished":"2009-05-02T19:44:08+00:00","dateModified":"2009-05-02T19:44:08+00:00","breadcrumb":{"@id":"https:\/\/www.cetici.com\/teksite\/a-propos\/#breadcrumb"},"inLanguage":"fr-FR","potentialAction":[{"@type":"ReadAction","target":["https:\/\/www.cetici.com\/teksite\/a-propos\/"]}]},{"@type":"BreadcrumbList","@id":"https:\/\/www.cetici.com\/teksite\/a-propos\/#breadcrumb","itemListElement":[{"@type":"ListItem","position":1,"name":"Accueil","item":"https:\/\/www.cetici.com\/teksite\/"},{"@type":"ListItem","position":2,"name":"A propos"}]},{"@type":"WebSite","@id":"https:\/\/www.cetici.com\/teksite\/#website","url":"https:\/\/www.cetici.com\/teksite\/","name":"Teksite","description":"","potentialAction":[{"@type":"SearchAction","target":{"@type":"EntryPoint","urlTemplate":"https:\/\/www.cetici.com\/teksite\/?s={search_term_string}"},"query-input":"required name=search_term_string"}],"inLanguage":"fr-FR"}]}},"jetpack_sharing_enabled":true,"_links":{"self":[{"href":"https:\/\/www.cetici.com\/teksite\/wp-json\/wp\/v2\/pages\/195","targetHints":{"allow":["GET"]}}],"collection":[{"href":"https:\/\/www.cetici.com\/teksite\/wp-json\/wp\/v2\/pages"}],"about":[{"href":"https:\/\/www.cetici.com\/teksite\/wp-json\/wp\/v2\/types\/page"}],"author":[{"embeddable":true,"href":"https:\/\/www.cetici.com\/teksite\/wp-json\/wp\/v2\/users\/2"}],"replies":[{"embeddable":true,"href":"https:\/\/www.cetici.com\/teksite\/wp-json\/wp\/v2\/comments?post=195"}],"version-history":[{"count":0,"href":"https:\/\/www.cetici.com\/teksite\/wp-json\/wp\/v2\/pages\/195\/revisions"}],"wp:attachment":[{"href":"https:\/\/www.cetici.com\/teksite\/wp-json\/wp\/v2\/media?parent=195"}],"curies":[{"name":"wp","href":"https:\/\/api.w.org\/{rel}","templated":true}]}}