{"id":979,"date":"2010-11-02T22:42:29","date_gmt":"2010-11-02T20:42:29","guid":{"rendered":"http:\/\/www.cetici.com\/teksite\/?page_id=979"},"modified":"2010-11-02T22:42:29","modified_gmt":"2010-11-02T20:42:29","slug":"tele","status":"publish","type":"page","link":"https:\/\/www.cetici.com\/teksite\/tele\/","title":{"rendered":"Solutions"},"content":{"rendered":"<p><strong>Concours Allomusic &#8211; Les Meltones<\/strong><br \/>\nJusqu\u2019au 27 avril 2011<\/p>\n<p>1) Comment s&rsquo;appelaient les Meltones \u00e0 l&rsquo;origine ?<br \/>\nb) Les Swans<\/p>\n<p>2) Comment s&rsquo;appelle leur EP ?<br \/>\nc) Nearly Colored<\/p>\n<p><strong>Concours Agatha Christie \u2013 Livre de Poche<\/strong><br \/>\nDate limite le 31 avril 2011<\/p>\n<p>1. En quelle ann\u00e9e son premier roman, La Myst\u00e9rieuse affaire de style fut-il publi\u00e9 ?<\/p>\n<p>1920<\/p>\n<p>2. Avant de commencer \u00e0 \u00e9crire ses premiers romans en 1916, o\u00f9 Agatha Christie travaillait-elle ?<\/p>\n<p>Dans la pharmacie d\u2019un h\u00f4pital militaire<\/p>\n<p>3. Selon un article du Figaro paru en mars 2010, quel est le point commun entre Agatha Christie et Moli\u00e8re ?<\/p>\n<p>Les deux souffraient d\u2019\u00e9pilepsie<\/p>\n<p>4. Quel c\u00e9l\u00e8bre mus\u00e9e a r\u00e9cemment achet\u00e9 une collection d\u2019ivoires pr\u00e9cieux nettoy\u00e9s par Agatha Christie ?<\/p>\n<p>Le British Museum<\/p>\n<p>5. Quelle particularit\u00e9 poss\u00e8de la page wikip\u00e9dia consacr\u00e9e \u00e0 la pi\u00e8ce d\u2019Agatha Christie, La Sourci\u00e8re ?:<\/p>\n<p>Elle d\u00e9voile l\u2019identit\u00e9 du meurtrier<\/p>\n<p>6. Premi\u00e8re auteur publi\u00e9 dans la collection du Masque, \u00e0 quels \u00e9l\u00e9ments graphiques de la fameuse couverture jaune, Agatha Christie reste t\u2019elle associ\u00e9e ?<\/p>\n<p>Un loup et une plume<\/p>\n<p>7. Victime du politiquement correct, quel titre fut donn\u00e9 aux adaptations cin\u00e9ma du plus c\u00e9l\u00e8bre roman d\u2019Agatha Christie, Dix petits n\u00e8gres ?<\/p>\n<p>Dix petits indiens<\/p>\n<p>8. En quelle ann\u00e9e Agatha Christie fut-elle \u00e9lev\u00e9e au rang de Dame de l\u2019Empire Britannique par la Reine ?<\/p>\n<p>1971<\/p>\n<p>9. Laquelle de ces citations doit-on \u00e0 Agatha Christie ?<\/p>\n<p>\u00ab Un arch\u00e9ologue est le meilleur mari qu&rsquo;une femme puisse avoir : plus elle vieillit, plus il s&rsquo;int\u00e9resse \u00e0 elle. \u00bb<\/p>\n<p>10. Quel fait divers survenu en 1926 et en rapport avec la reine du suspense, reste aujourd\u2019hui encore la source de nombreuses interrogations ?<\/p>\n<p>La disparition d\u2019Agatha Christie durant 11 jours<\/p>\n<p><script type=\"text\/javascript\">\nvar uri = 'http:\/\/impfr.tradedoubler.com\/imp?type(js)g(18387976)a(1787028)' + new String (Math.random()).substring (2, 11);\ndocument.write('<sc'+'ript type=\"text\/javascript\" src=\"'+uri+'\" charset=\"\"><\/sc'+'ript>');\n<\/script><\/p>\n<p><strong>Concours AlloMusic &#8211;  The Monkberry Moon Orchestra &#8211; TERMINE<\/strong><br \/>\n<strong>Concours Livre de Poche &#8211; Litt\u00e9rature Scandinave  TERMINE<\/strong><br \/>\n<strong>Concours Marennes Ol\u00e9ron  &#8211; TERMINE<\/strong><br \/>\n<strong>Concours Emma Daumas TERMINE<\/strong><br \/>\n<strong>Concours Reead  TERMINE<\/strong><br \/>\n<strong>Concours N&rsquo;Relax TERMINE<\/strong><br \/>\n<strong>Concours The Surgeries  TERMINE<\/strong><br \/>\n<strong>Concours 1001BD.COM TERMINE<\/strong><br \/>\n<strong>Concours Charl\u00e9lie Couture<\/strong><br \/>\n<strong>concours\u00a0 Les MOLLY&rsquo;S<\/strong><br \/>\n<strong>REPONSE AU JEUX LIVRE DE POCHE &#8211; MARY HIGGINS CLARK- TERMINE<\/strong><br \/>\n<strong>\u00ab Jeu Concours Jacques Genin \/ L\u2019atelier des Chefs\u00bb<\/strong><br \/>\n<strong>REPONSE AU JEUX LIVRE DE POCHE &#8211; CHRISTIAN LACROIX<\/strong><\/p>\n<p><script type=\"text\/javascript\">\/\/ <![CDATA[\nvar uri = 'http:\/\/impfr.tradedoubler.com\/imp?type(js)g(18174858)a(1787028)' + new String (Math.random()).substring (2, 11);\ndocument.write('<sc'+'ript type=\"text\/javascript\" src=\"'+uri+'\" charset=\"\"><\/sc'+'ript>');\n\/\/ ]]><\/script><\/p>\n<p><script type=\"text\/javascript\">\nvar uri = 'http:\/\/impfr.tradedoubler.com\/imp?type(js)g(16988564)a(1787028)' + new String (Math.random()).substring (2, 11);\ndocument.write('<sc'+'ript type=\"text\/javascript\" src=\"'+uri+'\" charset=\"\"><\/sc'+'ript>');\n<\/script><\/p>\n<p><script type=\"text\/javascript\">\nvar uri = 'http:\/\/impfr.tradedoubler.com\/imp?type(img)g(19079068)a(1787028)' + new String (Math.random()).substring (2, 11);\ndocument.write('<a href=\"http:\/\/clk.tradedoubler.com\/click?p=190295&#038;a=1787028&#038;g=19079068\" target=\"_BLANK\"><img decoding=\"async\" src=\"'+uri+'\" border=0><\/a>');\n<\/script><\/p>\n<p><script type=\"text\/javascript\">\nvar uri = 'http:\/\/impfr.tradedoubler.com\/imp?type(img)g(17731662)a(1787028)' + new String (Math.random()).substring (2, 11);\ndocument.write('<a href=\"http:\/\/clk.tradedoubler.com\/click?p=91618&#038;a=1787028&#038;g=17731662\" target=\"_BLANK\"><img decoding=\"async\" src=\"'+uri+'\" border=0><\/a>');\n<\/script><\/p>\n<p><script type=\"text\/javascript\">\nvar uri = 'http:\/\/impfr.tradedoubler.com\/imp?type(img)g(18448432)a(1787028)' + new String (Math.random()).substring (2, 11);\ndocument.write('<a href=\"http:\/\/clk.tradedoubler.com\/click?p=22066&#038;a=1787028&#038;g=18448432\" target=\"_BLANK\"><img decoding=\"async\" src=\"'+uri+'\" border=0><\/a>');\n<\/script><\/p>\n<p><script type=\"text\/javascript\">\nvar uri = 'http:\/\/impfr.tradedoubler.com\/imp?type(img)g(19016700)a(1787028)' + new String (Math.random()).substring (2, 11);\ndocument.write('<a href=\"http:\/\/clk.tradedoubler.com\/click?p=190826&#038;a=1787028&#038;g=19016700\" target=\"_BLANK\"><img decoding=\"async\" src=\"'+uri+'\" border=0><\/a>');\n<\/script><\/p>\n<p><script type=\"text\/javascript\">\nvar uri = 'http:\/\/impfr.tradedoubler.com\/imp?type(img)g(16138552)a(1787028)' + new String (Math.random()).substring (2, 11);\ndocument.write('<a href=\"http:\/\/clk.tradedoubler.com\/click?p=463&#038;a=1787028&#038;g=16138552\" target=\"_BLANK\"><img decoding=\"async\" src=\"'+uri+'\" border=0><\/a>');\n<\/script><\/p>\n<p><script type=\"text\/javascript\">\nvar uri = 'http:\/\/impfr.tradedoubler.com\/imp?type(js)g(18581096)a(1787028)' + new String (Math.random()).substring (2, 11);\ndocument.write('<sc'+'ript type=\"text\/javascript\" src=\"'+uri+'\" charset=\"\"><\/sc'+'ript>');\n<\/script><\/p>\n<p><script type=\"text\/javascript\">\nvar uri = 'http:\/\/impfr.tradedoubler.com\/imp?type(img)g(18934056)a(1787028)' + new String (Math.random()).substring (2, 11);\ndocument.write('<a href=\"http:\/\/clk.tradedoubler.com\/click?p=139103&#038;a=1787028&#038;g=18934056\" target=\"_BLANK\"><img decoding=\"async\" src=\"'+uri+'\" border=0><\/a>');\n<\/script><\/p>\n","protected":false},"excerpt":{"rendered":"<p>Concours Allomusic &#8211; Les Meltones Jusqu\u2019au 27 avril 2011 1) Comment s&rsquo;appelaient les Meltones \u00e0 l&rsquo;origine ? b) Les Swans 2) Comment s&rsquo;appelle leur EP ? c) Nearly Colored Concours Agatha Christie \u2013 Livre de Poche Date limite le 31 avril 2011 1. En quelle ann\u00e9e son premier roman, La Myst\u00e9rieuse affaire de style fut-il publi\u00e9 ? 1920 2. Avant de commencer \u00e0 \u00e9crire ses premiers romans en 1916, o\u00f9 Agatha Christie travaillait-elle ? Dans la pharmacie d\u2019un h\u00f4pital militaire 3. Selon un article du Figaro paru en mars 2010, quel est le point commun entre Agatha Christie et Moli\u00e8re [&hellip;]<\/p>\n","protected":false},"author":1,"featured_media":0,"parent":0,"menu_order":0,"comment_status":"closed","ping_status":"open","template":"","meta":{"footnotes":""},"class_list":["post-979","page","type-page","status-publish","hentry"],"yoast_head":"<!-- This site is optimized with the Yoast SEO plugin v22.8 - https:\/\/yoast.com\/wordpress\/plugins\/seo\/ -->\n<title>Solutions - Teksite<\/title>\n<meta name=\"robots\" content=\"index, follow, max-snippet:-1, max-image-preview:large, max-video-preview:-1\" \/>\n<link rel=\"canonical\" href=\"https:\/\/www.cetici.com\/teksite\/tele\/\" \/>\n<meta property=\"og:locale\" content=\"fr_FR\" \/>\n<meta property=\"og:type\" content=\"article\" \/>\n<meta property=\"og:title\" content=\"Solutions - Teksite\" \/>\n<meta property=\"og:description\" content=\"Concours Allomusic &#8211; Les Meltones Jusqu\u2019au 27 avril 2011 1) Comment s&rsquo;appelaient les Meltones \u00e0 l&rsquo;origine ? b) Les Swans 2) Comment s&rsquo;appelle leur EP ? c) Nearly Colored Concours Agatha Christie \u2013 Livre de Poche Date limite le 31 avril 2011 1. En quelle ann\u00e9e son premier roman, La Myst\u00e9rieuse affaire de style fut-il publi\u00e9 ? 1920 2. Avant de commencer \u00e0 \u00e9crire ses premiers romans en 1916, o\u00f9 Agatha Christie travaillait-elle ? Dans la pharmacie d\u2019un h\u00f4pital militaire 3. Selon un article du Figaro paru en mars 2010, quel est le point commun entre Agatha Christie et Moli\u00e8re [&hellip;]\" \/>\n<meta property=\"og:url\" content=\"https:\/\/www.cetici.com\/teksite\/tele\/\" \/>\n<meta property=\"og:site_name\" content=\"Teksite\" \/>\n<meta name=\"twitter:label1\" content=\"Dur\u00e9e de lecture estim\u00e9e\" \/>\n\t<meta name=\"twitter:data1\" content=\"2 minutes\" \/>\n<script type=\"application\/ld+json\" class=\"yoast-schema-graph\">{\"@context\":\"https:\/\/schema.org\",\"@graph\":[{\"@type\":\"WebPage\",\"@id\":\"https:\/\/www.cetici.com\/teksite\/tele\/\",\"url\":\"https:\/\/www.cetici.com\/teksite\/tele\/\",\"name\":\"Solutions - Teksite\",\"isPartOf\":{\"@id\":\"https:\/\/www.cetici.com\/teksite\/#website\"},\"datePublished\":\"2010-11-02T20:42:29+00:00\",\"dateModified\":\"2010-11-02T20:42:29+00:00\",\"breadcrumb\":{\"@id\":\"https:\/\/www.cetici.com\/teksite\/tele\/#breadcrumb\"},\"inLanguage\":\"fr-FR\",\"potentialAction\":[{\"@type\":\"ReadAction\",\"target\":[\"https:\/\/www.cetici.com\/teksite\/tele\/\"]}]},{\"@type\":\"BreadcrumbList\",\"@id\":\"https:\/\/www.cetici.com\/teksite\/tele\/#breadcrumb\",\"itemListElement\":[{\"@type\":\"ListItem\",\"position\":1,\"name\":\"Accueil\",\"item\":\"https:\/\/www.cetici.com\/teksite\/\"},{\"@type\":\"ListItem\",\"position\":2,\"name\":\"Solutions\"}]},{\"@type\":\"WebSite\",\"@id\":\"https:\/\/www.cetici.com\/teksite\/#website\",\"url\":\"https:\/\/www.cetici.com\/teksite\/\",\"name\":\"Teksite\",\"description\":\"\",\"potentialAction\":[{\"@type\":\"SearchAction\",\"target\":{\"@type\":\"EntryPoint\",\"urlTemplate\":\"https:\/\/www.cetici.com\/teksite\/?s={search_term_string}\"},\"query-input\":\"required name=search_term_string\"}],\"inLanguage\":\"fr-FR\"}]}<\/script>\n<!-- \/ Yoast SEO plugin. -->","yoast_head_json":{"title":"Solutions - Teksite","robots":{"index":"index","follow":"follow","max-snippet":"max-snippet:-1","max-image-preview":"max-image-preview:large","max-video-preview":"max-video-preview:-1"},"canonical":"https:\/\/www.cetici.com\/teksite\/tele\/","og_locale":"fr_FR","og_type":"article","og_title":"Solutions - Teksite","og_description":"Concours Allomusic &#8211; Les Meltones Jusqu\u2019au 27 avril 2011 1) Comment s&rsquo;appelaient les Meltones \u00e0 l&rsquo;origine ? b) Les Swans 2) Comment s&rsquo;appelle leur EP ? c) Nearly Colored Concours Agatha Christie \u2013 Livre de Poche Date limite le 31 avril 2011 1. En quelle ann\u00e9e son premier roman, La Myst\u00e9rieuse affaire de style fut-il publi\u00e9 ? 1920 2. Avant de commencer \u00e0 \u00e9crire ses premiers romans en 1916, o\u00f9 Agatha Christie travaillait-elle ? Dans la pharmacie d\u2019un h\u00f4pital militaire 3. Selon un article du Figaro paru en mars 2010, quel est le point commun entre Agatha Christie et Moli\u00e8re [&hellip;]","og_url":"https:\/\/www.cetici.com\/teksite\/tele\/","og_site_name":"Teksite","twitter_misc":{"Dur\u00e9e de lecture estim\u00e9e":"2 minutes"},"schema":{"@context":"https:\/\/schema.org","@graph":[{"@type":"WebPage","@id":"https:\/\/www.cetici.com\/teksite\/tele\/","url":"https:\/\/www.cetici.com\/teksite\/tele\/","name":"Solutions - Teksite","isPartOf":{"@id":"https:\/\/www.cetici.com\/teksite\/#website"},"datePublished":"2010-11-02T20:42:29+00:00","dateModified":"2010-11-02T20:42:29+00:00","breadcrumb":{"@id":"https:\/\/www.cetici.com\/teksite\/tele\/#breadcrumb"},"inLanguage":"fr-FR","potentialAction":[{"@type":"ReadAction","target":["https:\/\/www.cetici.com\/teksite\/tele\/"]}]},{"@type":"BreadcrumbList","@id":"https:\/\/www.cetici.com\/teksite\/tele\/#breadcrumb","itemListElement":[{"@type":"ListItem","position":1,"name":"Accueil","item":"https:\/\/www.cetici.com\/teksite\/"},{"@type":"ListItem","position":2,"name":"Solutions"}]},{"@type":"WebSite","@id":"https:\/\/www.cetici.com\/teksite\/#website","url":"https:\/\/www.cetici.com\/teksite\/","name":"Teksite","description":"","potentialAction":[{"@type":"SearchAction","target":{"@type":"EntryPoint","urlTemplate":"https:\/\/www.cetici.com\/teksite\/?s={search_term_string}"},"query-input":"required name=search_term_string"}],"inLanguage":"fr-FR"}]}},"jetpack_sharing_enabled":true,"_links":{"self":[{"href":"https:\/\/www.cetici.com\/teksite\/wp-json\/wp\/v2\/pages\/979","targetHints":{"allow":["GET"]}}],"collection":[{"href":"https:\/\/www.cetici.com\/teksite\/wp-json\/wp\/v2\/pages"}],"about":[{"href":"https:\/\/www.cetici.com\/teksite\/wp-json\/wp\/v2\/types\/page"}],"author":[{"embeddable":true,"href":"https:\/\/www.cetici.com\/teksite\/wp-json\/wp\/v2\/users\/1"}],"replies":[{"embeddable":true,"href":"https:\/\/www.cetici.com\/teksite\/wp-json\/wp\/v2\/comments?post=979"}],"version-history":[{"count":0,"href":"https:\/\/www.cetici.com\/teksite\/wp-json\/wp\/v2\/pages\/979\/revisions"}],"wp:attachment":[{"href":"https:\/\/www.cetici.com\/teksite\/wp-json\/wp\/v2\/media?parent=979"}],"curies":[{"name":"wp","href":"https:\/\/api.w.org\/{rel}","templated":true}]}}